{"id":707,"date":"2024-08-30T12:51:31","date_gmt":"2024-08-30T12:51:31","guid":{"rendered":"https:\/\/demo23.zumm.info\/?page_id=707"},"modified":"2024-10-21T12:38:19","modified_gmt":"2024-10-21T12:38:19","slug":"kako-je-sve-pocelo","status":"publish","type":"page","link":"https:\/\/ok-foresta.com\/?page_id=707","title":{"rendered":"Kako je sve po\u010delo?"},"content":{"rendered":"\t\t<div data-elementor-type=\"wp-page\" data-elementor-id=\"707\" class=\"elementor elementor-707\" data-elementor-post-type=\"page\">\n\t\t\t\t\t\t<section class=\"elementor-section elementor-top-section elementor-element elementor-element-4298d8530 elementor-section-height-min-height elementor-section-boxed elementor-section-height-default elementor-section-items-middle wpr-particle-no wpr-jarallax-no wpr-parallax-no wpr-sticky-section-no\" data-id=\"4298d8530\" data-element_type=\"section\" data-e-type=\"section\" data-settings=\"{&quot;background_background&quot;:&quot;classic&quot;}\">\n\t\t\t\t\t\t\t<div class=\"elementor-background-overlay\"><\/div>\n\t\t\t\t\t\t\t<div class=\"elementor-container elementor-column-gap-default\">\n\t\t\t\t\t<div class=\"elementor-column elementor-col-100 elementor-top-column elementor-element elementor-element-47ed9e7e\" data-id=\"47ed9e7e\" data-element_type=\"column\" data-e-type=\"column\">\n\t\t\t<div class=\"elementor-widget-wrap elementor-element-populated\">\n\t\t\t\t\t\t<div class=\"elementor-element elementor-element-292b1f13 elementor-widget elementor-widget-heading\" data-id=\"292b1f13\" data-element_type=\"widget\" data-e-type=\"widget\" data-widget_type=\"heading.default\">\n\t\t\t\t<div class=\"elementor-widget-container\">\n\t\t\t\t\t<h1 class=\"elementor-heading-title elementor-size-default\">O KLUBU<\/h1>\t\t\t\t<\/div>\n\t\t\t\t<\/div>\n\t\t\t\t<div class=\"elementor-element elementor-element-90d17d3 elementor-widget elementor-widget-heading\" data-id=\"90d17d3\" data-element_type=\"widget\" data-e-type=\"widget\" data-widget_type=\"heading.default\">\n\t\t\t\t<div class=\"elementor-widget-container\">\n\t\t\t\t\t<h2 class=\"elementor-heading-title elementor-size-default\">FORESTA JE OK! <\/h2>\t\t\t\t<\/div>\n\t\t\t\t<\/div>\n\t\t\t\t\t<\/div>\n\t\t<\/div>\n\t\t\t\t\t<\/div>\n\t\t<\/section>\n\t\t\t\t<section class=\"elementor-section elementor-top-section elementor-element elementor-element-2046a409 elementor-section-boxed elementor-section-height-default elementor-section-height-default wpr-particle-no wpr-jarallax-no wpr-parallax-no wpr-sticky-section-no\" data-id=\"2046a409\" data-element_type=\"section\" data-e-type=\"section\" data-settings=\"{&quot;background_background&quot;:&quot;classic&quot;}\">\n\t\t\t\t\t\t<div class=\"elementor-container elementor-column-gap-default\">\n\t\t\t\t\t<div class=\"elementor-column elementor-col-50 elementor-top-column elementor-element elementor-element-1b16ff26\" data-id=\"1b16ff26\" data-element_type=\"column\" data-e-type=\"column\">\n\t\t\t<div class=\"elementor-widget-wrap elementor-element-populated\">\n\t\t\t\t\t\t<div class=\"elementor-element elementor-element-250f53a4 elementor-widget elementor-widget-heading\" data-id=\"250f53a4\" data-element_type=\"widget\" data-e-type=\"widget\" data-widget_type=\"heading.default\">\n\t\t\t\t<div class=\"elementor-widget-container\">\n\t\t\t\t\t<h2 class=\"elementor-heading-title elementor-size-default\">S VAMA SMO OD 2004.<\/h2>\t\t\t\t<\/div>\n\t\t\t\t<\/div>\n\t\t\t\t\t<\/div>\n\t\t<\/div>\n\t\t\t\t<div class=\"elementor-column elementor-col-50 elementor-top-column elementor-element elementor-element-5c7df746\" data-id=\"5c7df746\" data-element_type=\"column\" data-e-type=\"column\">\n\t\t\t<div class=\"elementor-widget-wrap elementor-element-populated\">\n\t\t\t\t\t\t<div class=\"elementor-element elementor-element-22aa63b2 elementor-widget elementor-widget-text-editor\" data-id=\"22aa63b2\" data-element_type=\"widget\" data-e-type=\"widget\" data-widget_type=\"text-editor.default\">\n\t\t\t\t<div class=\"elementor-widget-container\">\n\t\t\t\t\t\t\t\t\t<p>Odbojka\u0161ki klub FORESTA je sportska udruga gra\u0111ana koja je posve\u0107ena razvoju i napretku mladih odbojka\u0161ica i odbojka\u0161a zabavnom i izazovnom okru\u017eenju, neovisno o razini znanja i sposobnosti, socijalno ekonomskom statusu ili nekoj drugoj razli\u010ditosti, kako bi im pomogao u stjecanju odbojka\u0161kih vje\u0161tina, otpornosti, samopouzdanja, sna\u017ene\u00a0 radne etike, odgovornosti, discipline i predanosti, sa svrhom pripreme za \u017eivot nakon odbojke.<\/p>\t\t\t\t\t\t\t\t<\/div>\n\t\t\t\t<\/div>\n\t\t\t\t\t<\/div>\n\t\t<\/div>\n\t\t\t\t\t<\/div>\n\t\t<\/section>\n\t\t\t\t<section class=\"elementor-section elementor-top-section elementor-element elementor-element-4d53bc8 elementor-section-boxed elementor-section-height-default elementor-section-height-default wpr-particle-no wpr-jarallax-no wpr-parallax-no wpr-sticky-section-no\" data-id=\"4d53bc8\" data-element_type=\"section\" data-e-type=\"section\" data-settings=\"{&quot;background_background&quot;:&quot;classic&quot;}\">\n\t\t\t\t\t\t<div class=\"elementor-container elementor-column-gap-default\">\n\t\t\t\t\t<div class=\"elementor-column elementor-col-50 elementor-top-column elementor-element elementor-element-4a8dd886\" data-id=\"4a8dd886\" data-element_type=\"column\" data-e-type=\"column\" data-settings=\"{&quot;background_background&quot;:&quot;classic&quot;}\">\n\t\t\t<div class=\"elementor-widget-wrap elementor-element-populated\">\n\t\t\t\t\t\t<div class=\"elementor-element elementor-element-70faacd6 elementor-widget elementor-widget-image\" data-id=\"70faacd6\" data-element_type=\"widget\" data-e-type=\"widget\" data-widget_type=\"image.default\">\n\t\t\t\t<div class=\"elementor-widget-container\">\n\t\t\t\t\t\t\t\t\t\t\t\t\t\t\t<img fetchpriority=\"high\" decoding=\"async\" width=\"768\" height=\"1024\" src=\"https:\/\/ok-foresta.com\/wp-content\/uploads\/2024\/09\/IMG-20240905-WA0009-768x1024.jpg\" class=\"attachment-large size-large wp-image-939\" alt=\"\" srcset=\"https:\/\/ok-foresta.com\/wp-content\/uploads\/2024\/09\/IMG-20240905-WA0009-768x1024.jpg 768w, https:\/\/ok-foresta.com\/wp-content\/uploads\/2024\/09\/IMG-20240905-WA0009-600x800.jpg 600w, https:\/\/ok-foresta.com\/wp-content\/uploads\/2024\/09\/IMG-20240905-WA0009-225x300.jpg 225w, https:\/\/ok-foresta.com\/wp-content\/uploads\/2024\/09\/IMG-20240905-WA0009-1152x1536.jpg 1152w, https:\/\/ok-foresta.com\/wp-content\/uploads\/2024\/09\/IMG-20240905-WA0009.jpg 1536w\" sizes=\"(max-width: 768px) 100vw, 768px\" \/>\t\t\t\t\t\t\t\t\t\t\t\t\t\t\t<\/div>\n\t\t\t\t<\/div>\n\t\t\t\t\t<\/div>\n\t\t<\/div>\n\t\t\t\t<div class=\"elementor-column elementor-col-50 elementor-top-column elementor-element elementor-element-12e8632b\" data-id=\"12e8632b\" data-element_type=\"column\" data-e-type=\"column\">\n\t\t\t<div class=\"elementor-widget-wrap elementor-element-populated\">\n\t\t\t\t\t\t<div class=\"elementor-element elementor-element-5e75f91a elementor-widget-divider--view-line elementor-widget elementor-widget-divider\" data-id=\"5e75f91a\" data-element_type=\"widget\" data-e-type=\"widget\" data-widget_type=\"divider.default\">\n\t\t\t\t<div class=\"elementor-widget-container\">\n\t\t\t\t\t\t\t<div class=\"elementor-divider\">\n\t\t\t<span class=\"elementor-divider-separator\">\n\t\t\t\t\t\t<\/span>\n\t\t<\/div>\n\t\t\t\t\t\t<\/div>\n\t\t\t\t<\/div>\n\t\t\t\t<div class=\"elementor-element elementor-element-46c3e5c4 elementor-widget elementor-widget-text-editor\" data-id=\"46c3e5c4\" data-element_type=\"widget\" data-e-type=\"widget\" data-widget_type=\"text-editor.default\">\n\t\t\t\t<div class=\"elementor-widget-container\">\n\t\t\t\t\t\t\t\t\t<p>KAKO JE SVE PO\u010cELO?<\/p>\t\t\t\t\t\t\t\t<\/div>\n\t\t\t\t<\/div>\n\t\t\t\t<div class=\"elementor-element elementor-element-31b0995 elementor-widget elementor-widget-text-editor\" data-id=\"31b0995\" data-element_type=\"widget\" data-e-type=\"widget\" data-widget_type=\"text-editor.default\">\n\t\t\t\t<div class=\"elementor-widget-container\">\n\t\t\t\t\t\t\t\t\t<p>Program odbojka\u0161kog kluba Foresta nastao je 2004. godine na inicijativu u\u010denica 3.a razreda osnovne \u0161kole Vjenceslava Novaka u gradskoj \u010detvrti Gornja Dubrava, pod nazivom \u0160kola odbojke \u201eSuper cure\u201c. Pod istim nazivom djeluje i danas kao program klupske \u0161kole<br \/>odbojke za djevoj\u010dice dobnog uzrasta od 6 do 15 godina. Uz \u0161kolu odbojke za djevoj\u010dice danas djelkuje i \u0161kola odbojke za dje\u010dake pod nazivom \u201eSuper malci\u201c.<\/p>\t\t\t\t\t\t\t\t<\/div>\n\t\t\t\t<\/div>\n\t\t\t\t\t<\/div>\n\t\t<\/div>\n\t\t\t\t\t<\/div>\n\t\t<\/section>\n\t\t\t\t<section class=\"elementor-section elementor-top-section elementor-element elementor-element-5b22ed61 elementor-section-height-min-height elementor-section-content-middle elementor-section-boxed elementor-section-height-default elementor-section-items-middle wpr-particle-no wpr-jarallax-no wpr-parallax-no wpr-sticky-section-no\" data-id=\"5b22ed61\" data-element_type=\"section\" data-e-type=\"section\" data-settings=\"{&quot;background_background&quot;:&quot;classic&quot;}\">\n\t\t\t\t\t\t\t<div class=\"elementor-background-overlay\"><\/div>\n\t\t\t\t\t\t\t<div class=\"elementor-container elementor-column-gap-default\">\n\t\t\t\t\t<div class=\"elementor-column elementor-col-50 elementor-top-column elementor-element elementor-element-61bd6bf0\" data-id=\"61bd6bf0\" data-element_type=\"column\" data-e-type=\"column\" data-settings=\"{&quot;background_background&quot;:&quot;classic&quot;}\">\n\t\t\t<div class=\"elementor-widget-wrap elementor-element-populated\">\n\t\t\t\t\t\t<div class=\"elementor-element elementor-element-247da90e elementor-widget elementor-widget-heading\" data-id=\"247da90e\" data-element_type=\"widget\" data-e-type=\"widget\" data-widget_type=\"heading.default\">\n\t\t\t\t<div class=\"elementor-widget-container\">\n\t\t\t\t\t<h2 class=\"elementor-heading-title elementor-size-default\">FORESTA JE OK - KLUB KOJI POTI\u010cE RAZVOJ<\/h2>\t\t\t\t<\/div>\n\t\t\t\t<\/div>\n\t\t\t\t<div class=\"elementor-element elementor-element-4e83b62b elementor-widget elementor-widget-text-editor\" data-id=\"4e83b62b\" data-element_type=\"widget\" data-e-type=\"widget\" data-widget_type=\"text-editor.default\">\n\t\t\t\t<div class=\"elementor-widget-container\">\n\t\t\t\t\t\t\t\t\t<div class=\"et_pb_row et_pb_row_5\"><div class=\"et_pb_column et_pb_column_4_4 et_pb_column_12  et_pb_css_mix_blend_mode_passthrough et-last-child\"><div class=\"et_pb_module et_pb_text et_pb_text_5  et_pb_text_align_left et_pb_bg_layout_light\"><div class=\"et_pb_text_inner\"><p>OK FORESTA poti\u010de razvoj svakog \u010dlana kluba dobnog uzrasta od 6 do 19 godina, Svaki \u010dlan kluba ima mogu\u0107nost treniranja i igranja odbojke tijekom cijele \u0161kolske godine ili sezone koja traje od rujna teku\u0107e godine do lipnja slijede\u0107e godine.<\/p><\/div><\/div><\/div><\/div><div class=\"et_pb_row et_pb_row_6\"><div class=\"et_pb_column et_pb_column_4_4 et_pb_column_13  et_pb_css_mix_blend_mode_passthrough et-last-child\">\u00a0<\/div><\/div>\t\t\t\t\t\t\t\t<\/div>\n\t\t\t\t<\/div>\n\t\t\t\t\t<\/div>\n\t\t<\/div>\n\t\t\t\t<div class=\"elementor-column elementor-col-50 elementor-top-column elementor-element elementor-element-6ab587e7 elementor-hidden-tablet elementor-hidden-mobile\" data-id=\"6ab587e7\" data-element_type=\"column\" data-e-type=\"column\">\n\t\t\t<div class=\"elementor-widget-wrap\">\n\t\t\t\t\t\t\t<\/div>\n\t\t<\/div>\n\t\t\t\t\t<\/div>\n\t\t<\/section>\n\t\t\t\t<section class=\"elementor-section elementor-top-section elementor-element elementor-element-1ce476ae elementor-section-boxed elementor-section-height-default elementor-section-height-default wpr-particle-no wpr-jarallax-no wpr-parallax-no wpr-sticky-section-no\" data-id=\"1ce476ae\" data-element_type=\"section\" data-e-type=\"section\" data-settings=\"{&quot;background_background&quot;:&quot;classic&quot;}\">\n\t\t\t\t\t\t<div class=\"elementor-container elementor-column-gap-default\">\n\t\t\t\t\t<div class=\"elementor-column elementor-col-20 elementor-top-column elementor-element elementor-element-42c0d3a7\" data-id=\"42c0d3a7\" data-element_type=\"column\" data-e-type=\"column\">\n\t\t\t<div class=\"elementor-widget-wrap elementor-element-populated\">\n\t\t\t\t\t\t<div class=\"elementor-element elementor-element-bd0a1ac elementor-widget elementor-widget-image\" data-id=\"bd0a1ac\" data-element_type=\"widget\" data-e-type=\"widget\" data-widget_type=\"image.default\">\n\t\t\t\t<div class=\"elementor-widget-container\">\n\t\t\t\t\t\t\t\t\t\t\t\t\t\t\t<img decoding=\"async\" width=\"1024\" height=\"1024\" src=\"https:\/\/ok-foresta.com\/wp-content\/uploads\/2024\/09\/1-1024x1024.png\" class=\"attachment-large size-large wp-image-942\" alt=\"\" srcset=\"https:\/\/ok-foresta.com\/wp-content\/uploads\/2024\/09\/1-1024x1024.png 1024w, https:\/\/ok-foresta.com\/wp-content\/uploads\/2024\/09\/1-100x100.png 100w, https:\/\/ok-foresta.com\/wp-content\/uploads\/2024\/09\/1-600x600.png 600w, https:\/\/ok-foresta.com\/wp-content\/uploads\/2024\/09\/1-300x300.png 300w, https:\/\/ok-foresta.com\/wp-content\/uploads\/2024\/09\/1-150x150.png 150w, https:\/\/ok-foresta.com\/wp-content\/uploads\/2024\/09\/1-768x768.png 768w, https:\/\/ok-foresta.com\/wp-content\/uploads\/2024\/09\/1.png 1080w\" sizes=\"(max-width: 1024px) 100vw, 1024px\" \/>\t\t\t\t\t\t\t\t\t\t\t\t\t\t\t<\/div>\n\t\t\t\t<\/div>\n\t\t\t\t\t<\/div>\n\t\t<\/div>\n\t\t\t\t<div class=\"elementor-column elementor-col-20 elementor-top-column elementor-element elementor-element-37457629\" data-id=\"37457629\" data-element_type=\"column\" data-e-type=\"column\" data-settings=\"{&quot;background_background&quot;:&quot;classic&quot;}\">\n\t\t\t<div class=\"elementor-widget-wrap elementor-element-populated\">\n\t\t\t\t\t\t<div class=\"elementor-element elementor-element-5ba15ae1 elementor-widget elementor-widget-image\" data-id=\"5ba15ae1\" data-element_type=\"widget\" data-e-type=\"widget\" data-widget_type=\"image.default\">\n\t\t\t\t<div class=\"elementor-widget-container\">\n\t\t\t\t\t\t\t\t\t\t\t\t\t\t\t<img decoding=\"async\" width=\"1024\" height=\"1024\" src=\"https:\/\/ok-foresta.com\/wp-content\/uploads\/2024\/09\/2-1024x1024.png\" class=\"attachment-large size-large wp-image-943\" alt=\"\" srcset=\"https:\/\/ok-foresta.com\/wp-content\/uploads\/2024\/09\/2-1024x1024.png 1024w, https:\/\/ok-foresta.com\/wp-content\/uploads\/2024\/09\/2-100x100.png 100w, https:\/\/ok-foresta.com\/wp-content\/uploads\/2024\/09\/2-600x600.png 600w, https:\/\/ok-foresta.com\/wp-content\/uploads\/2024\/09\/2-300x300.png 300w, https:\/\/ok-foresta.com\/wp-content\/uploads\/2024\/09\/2-150x150.png 150w, https:\/\/ok-foresta.com\/wp-content\/uploads\/2024\/09\/2-768x768.png 768w, https:\/\/ok-foresta.com\/wp-content\/uploads\/2024\/09\/2.png 1080w\" sizes=\"(max-width: 1024px) 100vw, 1024px\" \/>\t\t\t\t\t\t\t\t\t\t\t\t\t\t\t<\/div>\n\t\t\t\t<\/div>\n\t\t\t\t\t<\/div>\n\t\t<\/div>\n\t\t\t\t<div class=\"elementor-column elementor-col-20 elementor-top-column elementor-element elementor-element-6077577\" data-id=\"6077577\" data-element_type=\"column\" data-e-type=\"column\" data-settings=\"{&quot;background_background&quot;:&quot;classic&quot;}\">\n\t\t\t<div class=\"elementor-widget-wrap elementor-element-populated\">\n\t\t\t\t\t\t<div class=\"elementor-element elementor-element-1372f2b elementor-widget elementor-widget-image\" data-id=\"1372f2b\" data-element_type=\"widget\" data-e-type=\"widget\" data-widget_type=\"image.default\">\n\t\t\t\t<div class=\"elementor-widget-container\">\n\t\t\t\t\t\t\t\t\t\t\t\t\t\t\t<img loading=\"lazy\" decoding=\"async\" width=\"1024\" height=\"1024\" src=\"https:\/\/ok-foresta.com\/wp-content\/uploads\/2024\/09\/3-1024x1024.png\" class=\"attachment-large size-large wp-image-944\" alt=\"\" srcset=\"https:\/\/ok-foresta.com\/wp-content\/uploads\/2024\/09\/3-1024x1024.png 1024w, https:\/\/ok-foresta.com\/wp-content\/uploads\/2024\/09\/3-100x100.png 100w, https:\/\/ok-foresta.com\/wp-content\/uploads\/2024\/09\/3-600x600.png 600w, https:\/\/ok-foresta.com\/wp-content\/uploads\/2024\/09\/3-300x300.png 300w, https:\/\/ok-foresta.com\/wp-content\/uploads\/2024\/09\/3-150x150.png 150w, https:\/\/ok-foresta.com\/wp-content\/uploads\/2024\/09\/3-768x768.png 768w, https:\/\/ok-foresta.com\/wp-content\/uploads\/2024\/09\/3.png 1080w\" sizes=\"(max-width: 1024px) 100vw, 1024px\" \/>\t\t\t\t\t\t\t\t\t\t\t\t\t\t\t<\/div>\n\t\t\t\t<\/div>\n\t\t\t\t\t<\/div>\n\t\t<\/div>\n\t\t\t\t<div class=\"elementor-column elementor-col-20 elementor-top-column elementor-element elementor-element-e72c09b\" data-id=\"e72c09b\" data-element_type=\"column\" data-e-type=\"column\" data-settings=\"{&quot;background_background&quot;:&quot;classic&quot;}\">\n\t\t\t<div class=\"elementor-widget-wrap elementor-element-populated\">\n\t\t\t\t\t\t<div class=\"elementor-element elementor-element-4a889211 elementor-widget elementor-widget-image\" data-id=\"4a889211\" data-element_type=\"widget\" data-e-type=\"widget\" data-widget_type=\"image.default\">\n\t\t\t\t<div class=\"elementor-widget-container\">\n\t\t\t\t\t\t\t\t\t\t\t\t\t\t\t<img loading=\"lazy\" decoding=\"async\" width=\"1024\" height=\"1024\" src=\"https:\/\/ok-foresta.com\/wp-content\/uploads\/2024\/09\/4-1024x1024.png\" class=\"attachment-large size-large wp-image-945\" alt=\"\" srcset=\"https:\/\/ok-foresta.com\/wp-content\/uploads\/2024\/09\/4-1024x1024.png 1024w, https:\/\/ok-foresta.com\/wp-content\/uploads\/2024\/09\/4-100x100.png 100w, https:\/\/ok-foresta.com\/wp-content\/uploads\/2024\/09\/4-600x600.png 600w, https:\/\/ok-foresta.com\/wp-content\/uploads\/2024\/09\/4-300x300.png 300w, https:\/\/ok-foresta.com\/wp-content\/uploads\/2024\/09\/4-150x150.png 150w, https:\/\/ok-foresta.com\/wp-content\/uploads\/2024\/09\/4-768x768.png 768w, https:\/\/ok-foresta.com\/wp-content\/uploads\/2024\/09\/4.png 1080w\" sizes=\"(max-width: 1024px) 100vw, 1024px\" \/>\t\t\t\t\t\t\t\t\t\t\t\t\t\t\t<\/div>\n\t\t\t\t<\/div>\n\t\t\t\t\t<\/div>\n\t\t<\/div>\n\t\t\t\t<div class=\"elementor-column elementor-col-20 elementor-top-column elementor-element elementor-element-1eba4423\" data-id=\"1eba4423\" data-element_type=\"column\" data-e-type=\"column\" data-settings=\"{&quot;background_background&quot;:&quot;classic&quot;}\">\n\t\t\t<div class=\"elementor-widget-wrap elementor-element-populated\">\n\t\t\t\t\t\t<div class=\"elementor-element elementor-element-6b54d360 elementor-widget elementor-widget-image\" data-id=\"6b54d360\" data-element_type=\"widget\" data-e-type=\"widget\" data-widget_type=\"image.default\">\n\t\t\t\t<div class=\"elementor-widget-container\">\n\t\t\t\t\t\t\t\t\t\t\t\t\t\t\t<img loading=\"lazy\" decoding=\"async\" width=\"1024\" height=\"1024\" src=\"https:\/\/ok-foresta.com\/wp-content\/uploads\/2024\/09\/5-1024x1024.png\" class=\"attachment-large size-large wp-image-946\" alt=\"\" srcset=\"https:\/\/ok-foresta.com\/wp-content\/uploads\/2024\/09\/5-1024x1024.png 1024w, https:\/\/ok-foresta.com\/wp-content\/uploads\/2024\/09\/5-100x100.png 100w, https:\/\/ok-foresta.com\/wp-content\/uploads\/2024\/09\/5-600x600.png 600w, https:\/\/ok-foresta.com\/wp-content\/uploads\/2024\/09\/5-300x300.png 300w, https:\/\/ok-foresta.com\/wp-content\/uploads\/2024\/09\/5-150x150.png 150w, https:\/\/ok-foresta.com\/wp-content\/uploads\/2024\/09\/5-768x768.png 768w, https:\/\/ok-foresta.com\/wp-content\/uploads\/2024\/09\/5.png 1080w\" sizes=\"(max-width: 1024px) 100vw, 1024px\" \/>\t\t\t\t\t\t\t\t\t\t\t\t\t\t\t<\/div>\n\t\t\t\t<\/div>\n\t\t\t\t\t<\/div>\n\t\t<\/div>\n\t\t\t\t\t<\/div>\n\t\t<\/section>\n\t\t\t\t<\/div>\n\t\t","protected":false},"excerpt":{"rendered":"<p>O KLUBU FORESTA JE OK! S VAMA SMO OD 2004. Odbojka\u0161ki klub FORESTA je sportska udruga gra\u0111ana koja je posve\u0107ena razvoju i napretku mladih odbojka\u0161ica i odbojka\u0161a zabavnom i izazovnom okru\u017eenju, neovisno o razini znanja i sposobnosti, socijalno ekonomskom statusu ili nekoj drugoj razli\u010ditosti, kako bi im pomogao u stjecanju odbojka\u0161kih vje\u0161tina, otpornosti, samopouzdanja, sna\u017ene\u00a0 radne etike, odgovornosti, discipline i predanosti, sa svrhom pripreme za \u017eivot nakon odbojke. KAKO JE SVE PO\u010cELO? Program odbojka\u0161kog kluba Foresta nastao je 2004. godine na inicijativu u\u010denica 3.a razreda osnovne \u0161kole Vjenceslava Novaka u gradskoj \u010detvrti Gornja Dubrava, pod nazivom \u0160kola odbojke \u201eSuper cure\u201c. Pod istim nazivom djeluje i danas kao program klupske \u0161koleodbojke za djevoj\u010dice dobnog uzrasta od 6 do 15 godina. Uz \u0161kolu odbojke za djevoj\u010dice danas djelkuje i \u0161kola odbojke za dje\u010dake pod nazivom \u201eSuper malci\u201c. FORESTA JE OK &#8211; KLUB KOJI POTI\u010cE RAZVOJ OK FORESTA poti\u010de razvoj svakog \u010dlana kluba dobnog uzrasta od 6 do 19 godina, Svaki \u010dlan kluba ima mogu\u0107nost treniranja i igranja odbojke tijekom cijele \u0161kolske godine ili sezone koja traje od rujna teku\u0107e godine do lipnja slijede\u0107e godine. \u00a0<\/p>\n","protected":false},"author":1,"featured_media":0,"parent":0,"menu_order":0,"comment_status":"closed","ping_status":"closed","template":"","meta":{"ocean_post_layout":"","ocean_both_sidebars_style":"","ocean_both_sidebars_content_width":0,"ocean_both_sidebars_sidebars_width":0,"ocean_sidebar":"","ocean_second_sidebar":"","ocean_disable_margins":"enable","ocean_add_body_class":"","ocean_shortcode_before_top_bar":"","ocean_shortcode_after_top_bar":"","ocean_shortcode_before_header":"","ocean_shortcode_after_header":"","ocean_has_shortcode":"","ocean_shortcode_after_title":"","ocean_shortcode_before_footer_widgets":"","ocean_shortcode_after_footer_widgets":"","ocean_shortcode_before_footer_bottom":"","ocean_shortcode_after_footer_bottom":"","ocean_display_top_bar":"default","ocean_display_header":"default","ocean_header_style":"","ocean_center_header_left_menu":"","ocean_custom_header_template":"","ocean_custom_logo":0,"ocean_custom_retina_logo":0,"ocean_custom_logo_max_width":0,"ocean_custom_logo_tablet_max_width":0,"ocean_custom_logo_mobile_max_width":0,"ocean_custom_logo_max_height":0,"ocean_custom_logo_tablet_max_height":0,"ocean_custom_logo_mobile_max_height":0,"ocean_header_custom_menu":"","ocean_menu_typo_font_family":"","ocean_menu_typo_font_subset":"","ocean_menu_typo_font_size":0,"ocean_menu_typo_font_size_tablet":0,"ocean_menu_typo_font_size_mobile":0,"ocean_menu_typo_font_size_unit":"px","ocean_menu_typo_font_weight":"","ocean_menu_typo_font_weight_tablet":"","ocean_menu_typo_font_weight_mobile":"","ocean_menu_typo_transform":"","ocean_menu_typo_transform_tablet":"","ocean_menu_typo_transform_mobile":"","ocean_menu_typo_line_height":0,"ocean_menu_typo_line_height_tablet":0,"ocean_menu_typo_line_height_mobile":0,"ocean_menu_typo_line_height_unit":"","ocean_menu_typo_spacing":0,"ocean_menu_typo_spacing_tablet":0,"ocean_menu_typo_spacing_mobile":0,"ocean_menu_typo_spacing_unit":"","ocean_menu_link_color":"","ocean_menu_link_color_hover":"","ocean_menu_link_color_active":"","ocean_menu_link_background":"","ocean_menu_link_hover_background":"","ocean_menu_link_active_background":"","ocean_menu_social_links_bg":"","ocean_menu_social_hover_links_bg":"","ocean_menu_social_links_color":"","ocean_menu_social_hover_links_color":"","ocean_disable_title":"default","ocean_disable_heading":"default","ocean_post_title":"","ocean_post_subheading":"","ocean_post_title_style":"","ocean_post_title_background_color":"","ocean_post_title_background":0,"ocean_post_title_bg_image_position":"","ocean_post_title_bg_image_attachment":"","ocean_post_title_bg_image_repeat":"","ocean_post_title_bg_image_size":"","ocean_post_title_height":0,"ocean_post_title_bg_overlay":0.5,"ocean_post_title_bg_overlay_color":"","ocean_disable_breadcrumbs":"default","ocean_breadcrumbs_color":"","ocean_breadcrumbs_separator_color":"","ocean_breadcrumbs_links_color":"","ocean_breadcrumbs_links_hover_color":"","ocean_display_footer_widgets":"default","ocean_display_footer_bottom":"default","ocean_custom_footer_template":"","footnotes":""},"class_list":["post-707","page","type-page","status-publish","hentry","entry","owp-thumbs-layout-horizontal","owp-btn-normal","owp-tabs-layout-horizontal","has-no-thumbnails","has-product-nav"],"_links":{"self":[{"href":"https:\/\/ok-foresta.com\/index.php?rest_route=\/wp\/v2\/pages\/707","targetHints":{"allow":["GET"]}}],"collection":[{"href":"https:\/\/ok-foresta.com\/index.php?rest_route=\/wp\/v2\/pages"}],"about":[{"href":"https:\/\/ok-foresta.com\/index.php?rest_route=\/wp\/v2\/types\/page"}],"author":[{"embeddable":true,"href":"https:\/\/ok-foresta.com\/index.php?rest_route=\/wp\/v2\/users\/1"}],"replies":[{"embeddable":true,"href":"https:\/\/ok-foresta.com\/index.php?rest_route=%2Fwp%2Fv2%2Fcomments&post=707"}],"version-history":[{"count":95,"href":"https:\/\/ok-foresta.com\/index.php?rest_route=\/wp\/v2\/pages\/707\/revisions"}],"predecessor-version":[{"id":2027,"href":"https:\/\/ok-foresta.com\/index.php?rest_route=\/wp\/v2\/pages\/707\/revisions\/2027"}],"wp:attachment":[{"href":"https:\/\/ok-foresta.com\/index.php?rest_route=%2Fwp%2Fv2%2Fmedia&parent=707"}],"curies":[{"name":"wp","href":"https:\/\/api.w.org\/{rel}","templated":true}]}}